{"id":4,"date":"2020-01-19T15:11:00","date_gmt":"2020-01-19T14:11:00","guid":{"rendered":"http:\/\/uddhum.bluepin.org\/?page_id=4"},"modified":"2024-04-18T13:10:53","modified_gmt":"2024-04-18T11:10:53","slug":"tidigare-program","status":"publish","type":"page","link":"https:\/\/www.uddhum.se\/index.php\/tidigare-program\/","title":{"rendered":"Tidigare program"},"content":{"rendered":"<h1>V\u00e5ren 2024<\/h1>\n<p><a href=\"https:\/\/www.uddhum.se\/wp-content\/uploads\/2024\/01\/Program-V-24.pdf\">Program f\u00f6r v\u00e5ren 2024<\/a><\/p>\n<h1>H\u00f6sten 2023<\/h1>\n<p><a href=\"https:\/\/www.uddhum.se\/wp-content\/uploads\/2024\/01\/Uddevalla-humanistiska-forbund-hosten-2023.pdf\">Program f\u00f6r h\u00f6sten 2023<\/a><\/p>\n","protected":false},"excerpt":{"rendered":"<p>V\u00e5ren 2024 Program f\u00f6r v\u00e5ren 2024 H\u00f6sten 2023 Program f\u00f6r h\u00f6sten 2023<\/p>\n","protected":false},"author":3,"featured_media":0,"parent":0,"menu_order":0,"comment_status":"closed","ping_status":"closed","template":"","meta":[],"_links":{"self":[{"href":"https:\/\/www.uddhum.se\/index.php\/wp-json\/wp\/v2\/pages\/4"}],"collection":[{"href":"https:\/\/www.uddhum.se\/index.php\/wp-json\/wp\/v2\/pages"}],"about":[{"href":"https:\/\/www.uddhum.se\/index.php\/wp-json\/wp\/v2\/types\/page"}],"author":[{"embeddable":true,"href":"https:\/\/www.uddhum.se\/index.php\/wp-json\/wp\/v2\/users\/3"}],"replies":[{"embeddable":true,"href":"https:\/\/www.uddhum.se\/index.php\/wp-json\/wp\/v2\/comments?post=4"}],"version-history":[{"count":4,"href":"https:\/\/www.uddhum.se\/index.php\/wp-json\/wp\/v2\/pages\/4\/revisions"}],"predecessor-version":[{"id":573,"href":"https:\/\/www.uddhum.se\/index.php\/wp-json\/wp\/v2\/pages\/4\/revisions\/573"}],"wp:attachment":[{"href":"https:\/\/www.uddhum.se\/index.php\/wp-json\/wp\/v2\/media?parent=4"}],"curies":[{"name":"wp","href":"https:\/\/api.w.org\/{rel}","templated":true}]}}